{"id":2110,"date":"2014-10-30T12:34:20","date_gmt":"2014-10-30T11:34:20","guid":{"rendered":"http:\/\/luocine.fr\/?page_id=2110"},"modified":"2019-12-18T14:17:27","modified_gmt":"2019-12-18T13:17:27","slug":"abecedaire-des-auteurs","status":"publish","type":"page","link":"https:\/\/luocine.fr\/?page_id=2110","title":{"rendered":"Ab\u00e9c\u00e9daire des auteurs"},"content":{"rendered":"<p>Les auteurs de&#8230;<\/p>\n<h2><a href=\"http:\/\/luocine.fr\/?page_id=11340\">A \u00e0 D<\/a><\/h2>\n<h2><a href=\"http:\/\/luocine.fr\/?page_id=11342\">E \u00e0 H<\/a><\/h2>\n<h2><a href=\"http:\/\/luocine.fr\/?page_id=11344\">I \u00e0 M<\/a><\/h2>\n<h2><a href=\"http:\/\/luocine.fr\/?page_id=11346\">N \u00e0 Q<\/a><\/h2>\n<h2><a href=\"http:\/\/luocine.fr\/?page_id=11348\">R \u00e0 T<\/a><\/h2>\n<h2><a href=\"http:\/\/luocine.fr\/?page_id=11350\">U \u00e0 Z<\/a><\/h2>\n","protected":false},"excerpt":{"rendered":"<p>Les auteurs de&#8230; A \u00e0 D E \u00e0 H I \u00e0 M N \u00e0 Q R \u00e0 T U \u00e0 Z<\/p>\n","protected":false},"author":822092,"featured_media":0,"parent":0,"menu_order":0,"comment_status":"closed","ping_status":"closed","template":"template-full-width.php","meta":{"footnotes":""},"class_list":["post-2110","page","type-page","status-publish","hentry"],"_links":{"self":[{"href":"https:\/\/luocine.fr\/index.php?rest_route=\/wp\/v2\/pages\/2110","targetHints":{"allow":["GET"]}}],"collection":[{"href":"https:\/\/luocine.fr\/index.php?rest_route=\/wp\/v2\/pages"}],"about":[{"href":"https:\/\/luocine.fr\/index.php?rest_route=\/wp\/v2\/types\/page"}],"author":[{"embeddable":true,"href":"https:\/\/luocine.fr\/index.php?rest_route=\/wp\/v2\/users\/822092"}],"replies":[{"embeddable":true,"href":"https:\/\/luocine.fr\/index.php?rest_route=%2Fwp%2Fv2%2Fcomments&post=2110"}],"version-history":[{"count":0,"href":"https:\/\/luocine.fr\/index.php?rest_route=\/wp\/v2\/pages\/2110\/revisions"}],"wp:attachment":[{"href":"https:\/\/luocine.fr\/index.php?rest_route=%2Fwp%2Fv2%2Fmedia&parent=2110"}],"curies":[{"name":"wp","href":"https:\/\/api.w.org\/{rel}","templated":true}]}}