{"id":11350,"date":"2019-12-18T14:13:33","date_gmt":"2019-12-18T13:13:33","guid":{"rendered":"http:\/\/luocine.fr\/?page_id=11350"},"modified":"2026-04-23T10:17:25","modified_gmt":"2026-04-23T08:17:25","slug":"u-z","status":"publish","type":"page","link":"https:\/\/luocine.fr\/?page_id=11350","title":{"rendered":"U-Z"},"content":{"rendered":"<h3>U<\/h3>\n<p><a href=\"https:\/\/luocine.fr\/?s=DUBRAVKA+UGRESIC&amp;submit=Search\">Ugresik<\/a> (Dubravka) (<a href=\"https:\/\/luocine.fr\/?p=15207\">Baba Yaga a pondu un \u0153uf<\/a> 15 aout 2022)<\/p>\n<h3>V<\/h3>\n<p><a href=\"http:\/\/luocine.fr\/?s=Vance+J.D&amp;submit=Search\">Vance<\/a> (J.D) (<a href=\"http:\/\/luocine.fr\/?p=11206\">Hillbilly \u00c9l\u00e9gi<\/a>e 18 05 2020)<\/p>\n<p><a href=\"https:\/\/luocine.fr\/?s=Van+Reybrouck+David&amp;submit=Search\">Van Reybrouck<\/a> (David) (<a href=\"https:\/\/luocine.fr\/?p=13356\">Zinc<\/a> 12 aout 2021)<\/p>\n<p><a href=\"http:\/\/luocine.fr\/?s=Antonin+Varenne&amp;submit=Search\">Varenne<\/a> (Antonin) (<a href=\"http:\/\/luocine.fr\/?p=10448\">La Toile du Monde<\/a> 1juillet 2019)<\/p>\n<p><a href=\"https:\/\/luocine.fr\/?s=Laura+Vazquez&amp;submit=Search\">Vazquez<\/a> (Laura) (<a href=\"https:\/\/luocine.fr\/?p=21364\">Les Forces<\/a> 23 avril 2026)<\/p>\n<p><a href=\"https:\/\/luocine.fr\/?s=Borgo+Vecchio&amp;submit=Search\">Vecchio<\/a> (Borgo) (<a href=\"https:\/\/luocine.fr\/?p=11483\">Giosu\u00e9 Calaciur<\/a>a<span class=\"caps\">\u00a017 aout 2020)<\/span><\/p>\n<p><a href=\"http:\/\/luocine.fr\/?s=Rosa+ventrella&amp;submit=Search\">Ventrella<\/a> (Rosa) (<a href=\"http:\/\/luocine.fr\/?p=16804\">B\u00e9ni soit le p\u00e8re<\/a> 17 juillet 2023)<\/p>\n<p><a href=\"https:\/\/luocine.fr\/?s=Yann+Verdo&amp;submit=Search\">Verdo<\/a> (Yann) (<a href=\"https:\/\/luocine.fr\/?p=14985\">Noone ou le marin sans m\u00e9moire<\/a> 3 juin 2022)<\/p>\n<p><a href=\"https:\/\/luocine.fr\/?s=B%C3%A9n%C3%A9dicte+Vergez+Chaignon&amp;submit=Search\">Vergez-Chaignon<\/a> (B\u00e9n\u00e9dicte) (<a href=\"https:\/\/luocine.fr\/?p=15908\">les secrets de Vichy<\/a> 6 mars 2023)<\/p>\n<p><a href=\"https:\/\/luocine.fr\/?s=Claire+Vergier&amp;submit=Search\">Vergier<\/a> (Claire) ( <a href=\"https:\/\/luocine.fr\/?p=21457\">La Braise en H\u00e9ritage<\/a> 12 mars 2026)<\/p>\n<p><a href=\"http:\/\/luocine.fr\/?s=Jean+pierre+Vernant&amp;submit=Search\">Vernant<\/a> ( Jean-Pierre\u00e0 (<a href=\"http:\/\/luocine.fr\/?p=1496\">L&rsquo;univers, les Dieux, les hommes<\/a> 14 f\u00e9vrier 2011)<\/p>\n<p><a href=\"https:\/\/luocine.fr\/?s=Tanguy+Viel&amp;submit=Search\">Viel<\/a> (Tanguy) ( <a href=\"https:\/\/luocine.fr\/?p=14403\">La fille qu&rsquo;on appell<\/a>e 14 f\u00e9vrier 2022) (<a href=\"https:\/\/luocine.fr\/?p=18076\">insoup\u00e7onnable<\/a> 8 mai 2024)<\/p>\n<p><a href=\"http:\/\/luocine.fr\/?s=H%C3%A9l%C3%A8ne+Vignal&amp;submit=Search\">Vignal<\/a> (H\u00e9l\u00e8ne) ( <a href=\"http:\/\/luocine.fr\/?p=11025\">Plan B pour l&rsquo;\u00e9t<\/a>\u00e9 10 f\u00e9vrier 2020)<\/p>\n<p><a href=\"https:\/\/luocine.fr\/?s=Ang%C3%A9lique+Villeneuve&amp;submit=Search\">Villeneuve<\/a> (Ang\u00e9lique) (<a href=\"https:\/\/luocine.fr\/?p=17899\">Les ciels furieux<\/a> 11 avril 2024)<\/p>\n<p><a href=\"https:\/\/luocine.fr\/?s=Marie+Vingtras&amp;submit=Search\">Vingtras<\/a> (Marie) (<a href=\"https:\/\/luocine.fr\/?p=14040\">Blizzard<\/a> 20 d\u00e9cembre 2021)<\/p>\n<p><a href=\"http:\/\/luocine.fr\/?s=Beno%C3%AEt+Vitkine&amp;submit=Search\">Vitkine<\/a> (Beno\u00eet) (<a href=\"https:\/\/luocine.fr\/?p=16082\">Les Loups<\/a> 24 avril 2023) (<a href=\"https:\/\/luocine.fr\/?p=18156\">L&rsquo;enclave<\/a> 20 mai 2023)<\/p>\n<p><a href=\"http:\/\/luocine.fr\/?s=Anne+Von+Canal&amp;submit=Search\">Von Cana<\/a>l (Anne) (<a href=\"http:\/\/luocine.fr\/?p=11084\">Ni terre ni mer<\/a> 18 novembre 2019)<\/p>\n<p><a href=\"http:\/\/luocine.fr\/?s=vuillard+eric&amp;submit=Search\">Vuillard<\/a> (Eric) (<a href=\"http:\/\/luocine.fr\/?p=6958\">14 juille<\/a>t 17 octobre 2016) (<a href=\"http:\/\/luocine.fr\/?p=10624\">La guerre des pauvre<\/a>s 7 octobre 2019)<\/p>\n<h3>W<\/h3>\n<p><a href=\"https:\/\/luocine.fr\/?s=Edmund+de+Waal&amp;submit=Search\">Waal (de)<\/a> Edmund (<a href=\"https:\/\/luocine.fr\/?p=18181\">La m\u00e9moire retrouv\u00e9e<\/a>) (8 juillet 2024)<\/p>\n<p><a href=\"https:\/\/luocine.fr\/?s=Waberi&amp;submit=Search\">Waberi<\/a> (A&#160;; Abdourahman) (<a href=\"https:\/\/luocine.fr\/?p=11381\">Pourquoi tu danses quand tu marches<\/a> 20 juin 2020)<\/p>\n<p><a href=\"https:\/\/luocine.fr\/?s=Wagamese+Richard&amp;submit=Search\">Wagames<\/a>e (Richard) (<a href=\"https:\/\/luocine.fr\/?p=9289\">Les \u00e9toiles s&rsquo;\u00e9teignent \u00e0 l&rsquo;aube<\/a> 9 avril 2018) (<a href=\"https:\/\/luocine.fr\/?p=11536\">Starlight<\/a> 31 ao\u00fbt 2020)<\/p>\n<p><a href=\"https:\/\/luocine.fr\/?s=de+Waresquiel+emmanuel&amp;submit=Search\">Waresquie<\/a>l (de) (Emmanuel) (<a href=\"https:\/\/luocine.fr\/?p=14958\">Voyage autour de mon enfance<\/a> 24 avril 2022)<\/p>\n<p><a href=\"https:\/\/luocine.fr\/?s=Antoine+Wauters&amp;submit=Search\">Wauters<\/a> (Antoine) (<a href=\"https:\/\/luocine.fr\/?p=20960\">Haute-Folie<\/a> 02 f\u00e9vrier 2026) (<a href=\"https:\/\/luocine.fr\/?p=21326\">Mahmoud o\u00f9 la mont\u00e9e des eaux<\/a> 13 avril 2026)<\/p>\n<p><a href=\"https:\/\/luocine.fr\/?s=Werbowski+Tecia&amp;submit=Search\">Werbowski<\/a> (Tecia) (<a href=\"https:\/\/luocine.fr\/?p=12244\">Le mur entre nous<\/a> 14 juin 2021)<\/p>\n<p><a href=\"https:\/\/luocine.fr\/?s=Tara+Westover&amp;submit=Search\">Westover<\/a> (Tara) (<a href=\"https:\/\/luocine.fr\/?p=12255\">Une \u00e9ducation<\/a> 21 juin 2021)<\/p>\n<p><a href=\"https:\/\/luocine.fr\/?s=Audr%C3%A9e+WILHELMY&amp;submit=Search\">Wilhelmy<\/a> (Audr\u00e9e) (<a href=\"https:\/\/luocine.fr\/?p=19334\">Peau-de-sang<\/a> 13 janvier 2025)<\/p>\n<p><a href=\"https:\/\/luocine.fr\/?s=Oswald+WYND&amp;submit=Search\">Wind<\/a> (Oswald) (<a href=\"https:\/\/luocine.fr\/?p=20712\">Une Odeur de Gingembre<\/a> 11 d\u00e9cembre 2025)<\/p>\n<p><a href=\"https:\/\/luocine.fr\/?s=Don+Winslow&amp;submit=Search\">Winslow<\/a> (Don) (<a href=\"https:\/\/luocine.fr\/?p=12533\">Du feu sous la cendre<\/a> 19 octobre 2020)<\/p>\n<p><a href=\"https:\/\/luocine.fr\/?s=Natacha+Wodin&amp;submit=Search\">Wodin<\/a> (Natascha) (<a href=\"https:\/\/luocine.fr\/?p=16116\">Elle venait de Marioupol<\/a> 09 novembre 2023)<\/p>\n<p><a href=\"https:\/\/luocine.fr\/?s=Benjamin+Wood&amp;submit=Search\">Wood<\/a> (Benjamin) (<a href=\"https:\/\/luocine.fr\/?p=15101\">le complexe d&rsquo;Eden Bellwether<\/a> 27 juin 2022)<\/p>\n<p><a href=\"https:\/\/luocine.fr\/?s=Virginia+Woolf&amp;submit=Search\">Woolf<\/a> (Virginia) (<a href=\"https:\/\/luocine.fr\/?p=12748\">Mrs Dalloway<\/a> 14 janvier 2021)<\/p>\n<p><a href=\"https:\/\/luocine.fr\/?s=Stephen+Wright&amp;submit=Search\">Wright<\/a> (Stephen) ( <a href=\"https:\/\/luocine.fr\/?p=12171\">M\u00e9ditations en ver<\/a>t 3 mai 2021)<\/p>\n<h3>X<\/h3>\n<h3>Y<\/h3>\n<p><a href=\"http:\/\/luocine.fr\/?s=Irvin+Yalom&amp;submit=Search\">Yalom<\/a> (Irvin) (<a href=\"http:\/\/luocine.fr\/?p=447\">Mensonges sur le Divan<\/a> 12 juin 2012) (<a href=\"http:\/\/luocine.fr\/?p=441\">Et Nietzsche a pleur\u00e9<\/a> 6 juillet 2012) (<a href=\"http:\/\/luocine.fr\/?p=435\">Le Probl\u00e8me Spinoza<\/a> 28 juillet 2012) (<a href=\"http:\/\/luocine.fr\/?p=4566\">Cr\u00e9atures d&rsquo;un Jour<\/a> 14 septembre 2015) (<a href=\"http:\/\/luocine.fr\/?p=9831\">Comment je suis devenu moi-m\u00eame<\/a> 8 ao\u00fbt 2018) (<a href=\"https:\/\/luocine.fr\/?p=13737\">Le jardin d&rsquo;\u00c9picure<\/a> 8 octobre 2021)<\/p>\n<p><a href=\"https:\/\/luocine.fr\/?s=Yon&amp;submit=Search\">Yon<\/a> (Ad\u00e8le) (<a href=\"https:\/\/luocine.fr\/?p=19828\">Mon vrai nom est Elisabeth<\/a> 8 mai 2025)<\/p>\n<h3>Z<\/h3>\n<p><a href=\"https:\/\/luocine.fr\/?s=nicoby&amp;submit=Search\">Zabius <\/a>(Vincent) ( Le Monde de Sophie 28 d\u00e9cembre 2022)<\/p>\n<p><a href=\"https:\/\/luocine.fr\/?s=Gabriella+Zalapi&amp;submit=Search\">Zalapi<\/a> (Gabriella) ( <a href=\"https:\/\/luocine.fr\/?p=19297\">Ilaria<\/a> 3 janvier 2025)<\/p>\n<p><a href=\"https:\/\/luocine.fr\/?s=Zauner&amp;submit=Search\">Zauner<\/a> (Michelle) (<a href=\"https:\/\/luocine.fr\/?p=20156\">Pleurer au supermarch\u00e9<\/a> 14 juillet 2025)<\/p>\n<p><a href=\"http:\/\/luocine.fr\/?s=Julie+Zeh&amp;submit=Search\">Zeh<\/a> (Julie) (<a href=\"http:\/\/luocine.fr\/?p=11234\">Nouvel An<\/a> 25 mai 2020) <a href=\"https:\/\/luocine.fr\/?p=20539\">(Brandebourg<\/a> 10 novembre 2025)<\/p>\n<p><a href=\"http:\/\/luocine.fr\/?s=Zenatti+Val%C3%A9rie&amp;submit=Search\">Zenatt<\/a>i (Val\u00e9rie) (<a href=\"http:\/\/luocine.fr\/?p=10195\">Jacob Jacob<\/a> 4 f\u00e9vrier 2019)<\/p>\n<p><a href=\"https:\/\/luocine.fr\/?s=Alice+Zeniter&amp;submit=Search\">Zeniter<\/a> (Alice) (<a href=\"https:\/\/luocine.fr\/?p=9361\">L&rsquo;art de perdre<\/a> 23 avril 2018) (<a href=\"https:\/\/luocine.fr\/?p=20411\">Frapper l&rsquo;\u00e9pop\u00e9e<\/a> 15 septembre 2025)<\/p>\n<p><a href=\"https:\/\/luocine.fr\/?s=Zylberman+Ruth&amp;submit=Search\">Zilberman<\/a> (Ruth) (<a href=\"https:\/\/luocine.fr\/?p=13125\">209 rue Saint Maur<\/a> 22 avril 2021)<\/p>\n<p><a href=\"https:\/\/luocine.fr\/?s=Emile+Zola&amp;submit=Search\">Zola<\/a> (Emile) (<a href=\"https:\/\/luocine.fr\/?p=4447\">Le ventre de Paris<\/a> 17 ao\u00fbt 2025)<\/p>\n<p><a href=\"https:\/\/luocine.fr\/?s=Zelika+Horvat+CEC&amp;submit=Search\">Zorwat CEC<\/a> (Zelika) (<a href=\"https:\/\/luocine.fr\/?p=18288\">Sc\u00e8ne villageoise sans cocho<\/a>n 10 juin 2024)<\/p>\n<p><a href=\"https:\/\/luocine.fr\/?s=Gabriel+Zuchtriegel&amp;submit=Search\">Zuchtriegel<\/a> (Gabriel) (<a href=\"https:\/\/luocine.fr\/?p=20043\">Pomp\u00e9i la Magie des Ruines<\/a> 6septembre 2025)<\/p>\n<p><a href=\"http:\/\/luocine.fr\/?s=Stefan+Zweig&amp;submit=Search\">Zweig<\/a> (Stefan) (<a href=\"http:\/\/luocine.fr\/?p=9663\">Les joueurs d&rsquo;\u00c9checs<\/a> 28 juillet 2018)(<a href=\"https:\/\/luocine.fr\/?p=17089\">Marie-Antoinette<\/a> 23 novembre 2023))<\/p>\n","protected":false},"excerpt":{"rendered":"<p>U Ugresik (Dubravka) (Baba Yaga a pondu un \u0153uf 15 aout 2022) V Vance (J.D) (Hillbilly \u00c9l\u00e9gie 18 05 2020) Van Reybrouck (David) (Zinc 12 aout 2021) Varenne (Antonin) (La Toile du Monde 1juillet 2019) Vazquez (Laura) (Les Forces 23 avril 2026) Vecchio (Borgo) (Giosu\u00e9 Calaciura\u00a017 aout 2020) Ventrella (Rosa) (B\u00e9ni soit le p\u00e8re 17 <span class=\"ellipsis\">&hellip;<\/span> <span class=\"more-link-wrap\"><a href=\"https:\/\/luocine.fr\/?page_id=11350\" class=\"more-link\"><span>Read More &rarr;<\/span><\/a><\/span><\/p>\n","protected":false},"author":822092,"featured_media":0,"parent":0,"menu_order":0,"comment_status":"closed","ping_status":"closed","template":"","meta":{"footnotes":""},"class_list":["post-11350","page","type-page","status-publish","hentry"],"_links":{"self":[{"href":"https:\/\/luocine.fr\/index.php?rest_route=\/wp\/v2\/pages\/11350","targetHints":{"allow":["GET"]}}],"collection":[{"href":"https:\/\/luocine.fr\/index.php?rest_route=\/wp\/v2\/pages"}],"about":[{"href":"https:\/\/luocine.fr\/index.php?rest_route=\/wp\/v2\/types\/page"}],"author":[{"embeddable":true,"href":"https:\/\/luocine.fr\/index.php?rest_route=\/wp\/v2\/users\/822092"}],"replies":[{"embeddable":true,"href":"https:\/\/luocine.fr\/index.php?rest_route=%2Fwp%2Fv2%2Fcomments&post=11350"}],"version-history":[{"count":52,"href":"https:\/\/luocine.fr\/index.php?rest_route=\/wp\/v2\/pages\/11350\/revisions"}],"predecessor-version":[{"id":21734,"href":"https:\/\/luocine.fr\/index.php?rest_route=\/wp\/v2\/pages\/11350\/revisions\/21734"}],"wp:attachment":[{"href":"https:\/\/luocine.fr\/index.php?rest_route=%2Fwp%2Fv2%2Fmedia&parent=11350"}],"curies":[{"name":"wp","href":"https:\/\/api.w.org\/{rel}","templated":true}]}}